{"id":3976,"date":"2021-05-11T13:35:04","date_gmt":"2021-05-11T13:35:04","guid":{"rendered":"https:\/\/artlaboratory-berlin.org\/wp\/?page_id=3976"},"modified":"2025-04-01T09:22:50","modified_gmt":"2025-04-01T09:22:50","slug":"impressum","status":"publish","type":"page","link":"https:\/\/artlaboratory-berlin.org\/de\/impressum\/","title":{"rendered":"Impressum"},"content":{"rendered":"\n<p><br><strong>Art Laboratory Berlin e.V.<\/strong><br>Nostitzstrasse 12<br>10961 Berlin<\/p>\n\n\n\n<p><br><strong>Telefon<\/strong>: +491736216347<br><strong>E-Mail<\/strong>: <a href=\"mailto:info@artlaboratory-berlin.org\">info@artlaboratory-berlin.org<\/a><\/p>\n\n\n\n<p><strong>Vertreten durch:<\/strong><br>Vorstandsmitglieder und Direktor:in Regine Rapp &amp; Christian de Lutz<br><br><strong>Registereintrag:<\/strong><br>Eingetragen im Vereinsregister.<br>Registergericht: Amtsgericht Charlottenburg<br>Registernummer: 25940 B<br><br><strong>Wirtschafts-ID: <\/strong>Wirtschafts-IdNr: 27\/ 660\/ 60952<br><br><strong>Verantwortlich f\u00fcr den Inhalt<\/strong> (gem. \u00a7 55 Abs. 2 RStV):<br>Regine Rapp &amp; Christian de Lutz<\/p>\n\n\n\n<p><strong>Entwicklung der Websiteformate (Ausstellung, Veranstaltungen, Forschung, Publikation)<\/strong><br>Regine Rapp<\/p>\n\n\n\n<p><strong>Website design and development: <\/strong>Alice Cannav\u00e0<br><strong>Logo Design<\/strong>: Eva-Maria Bolz<br><\/p>\n\n\n\n<h3 class=\"wp-block-heading\"><br>Hinweis gem\u00e4\u00df Online-Streitbeilegungs-Verordnung<\/h3>\n\n\n\n<p class=\"is-style-default\">Nach geltendem Recht sind wir verpflichtet, Verbraucher auf die Existenz der Europ\u00e4ischen<br>Online-Streitbeilegungs-Plattform hinzuweisen, die f\u00fcr die Beilegung von Streitigkeiten genutzt werden<br>kann, ohne dass ein Gericht eingeschaltet werden muss. F\u00fcr die Einrichtung der Plattform ist die<br>Europ\u00e4ische Kommission zust\u00e4ndig. Die Europ\u00e4ische Online-Streitbeilegungs-Plattform ist hier zu finden:<br>http:\/\/ec.europa.eu\/odr. Unsere E-Mail lautet: info@artlaboratory-berlin.org<br>Wir weisen aber darauf hin, dass wir nicht bereit sind, uns am Streitbeilegungsverfahren im Rahmen der<br>Europ\u00e4ischen Online-Streitbeilegungs-Plattform zu beteiligen. Nutzen Sie zur Kontaktaufnahme bitte<br>unsere obige E-Mail und Telefonnummer.<\/p>\n\n\n\n<h3 class=\"wp-block-heading\">Disclaimer \u2013 rechtliche Hinweise<\/h3>\n\n\n\n<p><em>\u00a7 1 Warnhinweis zu Inhalten<\/em><br>Die kostenlosen und frei zug\u00e4nglichen Inhalte dieser Webseite wurden mit gr\u00f6\u00dftm\u00f6glicher Sorgfalt erstellt.<br>Der Anbieter dieser Webseite \u00fcbernimmt jedoch keine Gew\u00e4hr f\u00fcr die Richtigkeit und Aktualit\u00e4t der<br>bereitgestellten kostenlosen und frei zug\u00e4nglichen journalistischen Ratgeber und Nachrichten. Namentlich<br>gekennzeichnete Beitr\u00e4ge geben die Meinung des jeweiligen Autors und nicht immer die Meinung des<br>Anbieters wieder. Allein durch den Aufruf der kostenlosen und frei zug\u00e4nglichen Inhalte kommt keinerlei<br>Vertragsverh\u00e4ltnis zwischen dem Nutzer und dem Anbieter zustande, insoweit fehlt es am<br>Rechtsbindungswillen des Anbieters.<br><br><em>\u00a7 2 Externe Links<\/em><br>Diese Website enth\u00e4lt Verkn\u00fcpfungen zu Websites Dritter (&#8222;externe Links&#8220;). Diese Websites unterliegen der<br>Haftung der jeweiligen Betreiber. Der Anbieter hat bei der erstmaligen Verkn\u00fcpfung der externen Links die<br>fremden Inhalte daraufhin \u00fcberpr\u00fcft, ob etwaige Rechtsverst\u00f6\u00dfe bestehen. Zu dem Zeitpunkt waren keine<br>Rechtsverst\u00f6\u00dfe ersichtlich. Der Anbieter hat keinerlei Einfluss auf die aktuelle und zuk\u00fcnftige Gestaltung<br>und auf die Inhalte der verkn\u00fcpften Seiten. Das Setzen von externen Links bedeutet nicht, dass sich der<br>Anbieter die hinter dem Verweis oder Link liegenden Inhalte zu Eigen macht. Eine st\u00e4ndige Kontrolle der externen Links ist f\u00fcr den Anbieter ohne konkrete Hinweise auf Rechtsverst\u00f6\u00dfe nicht zumutbar. Bei<br>Kenntnis von Rechtsverst\u00f6\u00dfen werden jedoch derartige externe Links unverz\u00fcglich gel\u00f6scht.<br><br><em>\u00a7 3 Urheber- und Leistungsschutzrechte<\/em><br>Die auf dieser Website ver\u00f6ffentlichten Inhalte unterliegen dem deutschen Urheber- und<br>Leistungsschutzrecht. Jede vom deutschen Urheber- und Leistungsschutzrecht nicht zugelassene<br>Verwertung bedarf der vorherigen schriftlichen Zustimmung des Anbieters oder jeweiligen Rechteinhabers.<br>Dies gilt insbesondere f\u00fcr Vervielf\u00e4ltigung, Bearbeitung, \u00dcbersetzung, Einspeicherung, Verarbeitung bzw.<br>Wiedergabe von Inhalten in Datenbanken oder anderen elektronischen Medien und Systemen. Inhalte und<br>Rechte Dritter sind dabei als solche gekennzeichnet. Die unerlaubte Vervielf\u00e4ltigung oder Weitergabe<br>einzelner Inhalte oder kompletter Seiten ist nicht gestattet und strafbar. Lediglich die Herstellung von<br>Kopien und Downloads f\u00fcr den pers\u00f6nlichen, privaten und nicht kommerziellen Gebrauch ist erlaubt.<br>Die Darstellung dieser Website in fremden Frames ist nur mit schriftlicher Erlaubnis zul\u00e4ssig.<br><br><em>\u00a7 4 Besondere Nutzungsbedingungen<\/em><br>Soweit besondere Bedingungen f\u00fcr einzelne Nutzungen dieser Website von den vorgenannten<br>Paragraphen abweichen, wird an entsprechender Stelle ausdr\u00fccklich darauf hingewiesen. In diesem Falle<br>gelten im jeweiligen Einzelfall die besonderen Nutzungsbedingungen.<br><br><\/p>\n","protected":false},"excerpt":{"rendered":"<p>Art Laboratory Berlin e.V.Nostitzstrasse 1210961 Berlin Telefon: +491736216347E-Mail: info@artlaboratory-berlin.org Vertreten durch:Vorstandsmitglieder und Direktor:in Regine Rapp &amp; Christian de Lutz Registereintrag:Eingetragen im Vereinsregister.Registergericht: Amtsgericht CharlottenburgRegisternummer: 25940 B Wirtschafts-ID: Wirtschafts-IdNr: 27\/ 660\/ 60952 Verantwortlich f\u00fcr den Inhalt (gem. \u00a7 55 Abs. 2 RStV):Regine Rapp &amp; Christian de Lutz Entwicklung der Websiteformate (Ausstellung, Veranstaltungen, Forschung, Publikation)Regine Rapp Website&#8230;  <\/p>\n<p><a class=\"excerpt-read-more\" href=\"https:\/\/artlaboratory-berlin.org\/de\/impressum\/\" title=\"Read Impressum\">Lesen Sie weiter<\/a><\/p>\n","protected":false},"author":1,"featured_media":0,"parent":0,"menu_order":0,"comment_status":"closed","ping_status":"closed","template":"","meta":{"_acf_changed":false,"footnotes":"","_links_to":"","_links_to_target":""},"class_list":["post-3976","page","type-page","status-publish","hentry"],"acf":[],"yoast_head":"<!-- This site is optimized with the Yoast SEO plugin v26.2 - https:\/\/yoast.com\/wordpress\/plugins\/seo\/ -->\n<title>Impressum - Art Laboratory Berlin<\/title>\n<meta name=\"robots\" content=\"index, follow, max-snippet:-1, max-image-preview:large, max-video-preview:-1\" \/>\n<link rel=\"canonical\" href=\"https:\/\/artlaboratory-berlin.org\/de\/impressum\/\" \/>\n<meta property=\"og:locale\" content=\"de_DE\" \/>\n<meta property=\"og:type\" content=\"article\" \/>\n<meta property=\"og:title\" content=\"Impressum - Art Laboratory Berlin\" \/>\n<meta property=\"og:description\" content=\"Art Laboratory Berlin e.V.Nostitzstrasse 1210961 Berlin Telefon: +491736216347E-Mail: info@artlaboratory-berlin.org Vertreten durch:Vorstandsmitglieder und Direktor:in Regine Rapp &amp; Christian de Lutz Registereintrag:Eingetragen im Vereinsregister.Registergericht: Amtsgericht CharlottenburgRegisternummer: 25940 B Wirtschafts-ID: Wirtschafts-IdNr: 27\/ 660\/ 60952 Verantwortlich f\u00fcr den Inhalt (gem. \u00a7 55 Abs. 2 RStV):Regine Rapp &amp; Christian de Lutz Entwicklung der Websiteformate (Ausstellung, Veranstaltungen, Forschung, Publikation)Regine Rapp Website... Lesen Sie weiter\" \/>\n<meta property=\"og:url\" content=\"https:\/\/artlaboratory-berlin.org\/de\/impressum\/\" \/>\n<meta property=\"og:site_name\" content=\"Art Laboratory Berlin\" \/>\n<meta property=\"article:publisher\" content=\"https:\/\/www.facebook.com\/ArtLaboratoryBerlin\/\" \/>\n<meta property=\"article:modified_time\" content=\"2025-04-01T09:22:50+00:00\" \/>\n<meta property=\"og:image\" content=\"https:\/\/artlaboratory-berlin.org\/wp-content\/uploads\/2021\/06\/SL_200314-0066.jpg\" \/>\n\t<meta property=\"og:image:width\" content=\"2000\" \/>\n\t<meta property=\"og:image:height\" content=\"1333\" \/>\n\t<meta property=\"og:image:type\" content=\"image\/jpeg\" \/>\n<meta name=\"twitter:card\" content=\"summary_large_image\" \/>\n<meta name=\"twitter:site\" content=\"@artlaboratoryb\" \/>\n<meta name=\"twitter:label1\" content=\"Gesch\u00e4tzte Lesezeit\" \/>\n\t<meta name=\"twitter:data1\" content=\"3\u00a0Minuten\" \/>\n<!-- \/ Yoast SEO plugin. -->","yoast_head_json":{"title":"Impressum - Art Laboratory Berlin","robots":{"index":"index","follow":"follow","max-snippet":"max-snippet:-1","max-image-preview":"max-image-preview:large","max-video-preview":"max-video-preview:-1"},"canonical":"https:\/\/artlaboratory-berlin.org\/de\/impressum\/","og_locale":"de_DE","og_type":"article","og_title":"Impressum - Art Laboratory Berlin","og_description":"Art Laboratory Berlin e.V.Nostitzstrasse 1210961 Berlin Telefon: +491736216347E-Mail: info@artlaboratory-berlin.org Vertreten durch:Vorstandsmitglieder und Direktor:in Regine Rapp &amp; Christian de Lutz Registereintrag:Eingetragen im Vereinsregister.Registergericht: Amtsgericht CharlottenburgRegisternummer: 25940 B Wirtschafts-ID: Wirtschafts-IdNr: 27\/ 660\/ 60952 Verantwortlich f\u00fcr den Inhalt (gem. \u00a7 55 Abs. 2 RStV):Regine Rapp &amp; Christian de Lutz Entwicklung der Websiteformate (Ausstellung, Veranstaltungen, Forschung, Publikation)Regine Rapp Website... Lesen Sie weiter","og_url":"https:\/\/artlaboratory-berlin.org\/de\/impressum\/","og_site_name":"Art Laboratory Berlin","article_publisher":"https:\/\/www.facebook.com\/ArtLaboratoryBerlin\/","article_modified_time":"2025-04-01T09:22:50+00:00","og_image":[{"width":2000,"height":1333,"url":"https:\/\/artlaboratory-berlin.org\/wp-content\/uploads\/2021\/06\/SL_200314-0066.jpg","type":"image\/jpeg"}],"twitter_card":"summary_large_image","twitter_site":"@artlaboratoryb","twitter_misc":{"Gesch\u00e4tzte Lesezeit":"3\u00a0Minuten"},"schema":{"@context":"https:\/\/schema.org","@graph":[{"@type":"WebPage","@id":"https:\/\/artlaboratory-berlin.org\/de\/impressum\/","url":"https:\/\/artlaboratory-berlin.org\/de\/impressum\/","name":"Impressum - Art Laboratory Berlin","isPartOf":{"@id":"https:\/\/artlaboratory-berlin.org\/#website"},"datePublished":"2021-05-11T13:35:04+00:00","dateModified":"2025-04-01T09:22:50+00:00","breadcrumb":{"@id":"https:\/\/artlaboratory-berlin.org\/de\/impressum\/#breadcrumb"},"inLanguage":"de","potentialAction":[{"@type":"ReadAction","target":["https:\/\/artlaboratory-berlin.org\/de\/impressum\/"]}]},{"@type":"BreadcrumbList","@id":"https:\/\/artlaboratory-berlin.org\/de\/impressum\/#breadcrumb","itemListElement":[{"@type":"ListItem","position":1,"name":"Home","item":"https:\/\/artlaboratory-berlin.org\/de\/"},{"@type":"ListItem","position":2,"name":"Impressum"}]},{"@type":"WebSite","@id":"https:\/\/artlaboratory-berlin.org\/#website","url":"https:\/\/artlaboratory-berlin.org\/","name":"Art Laboratory Berlin","description":"","publisher":{"@id":"https:\/\/artlaboratory-berlin.org\/#organization"},"potentialAction":[{"@type":"SearchAction","target":{"@type":"EntryPoint","urlTemplate":"https:\/\/artlaboratory-berlin.org\/?s={search_term_string}"},"query-input":{"@type":"PropertyValueSpecification","valueRequired":true,"valueName":"search_term_string"}}],"inLanguage":"de"},{"@type":"Organization","@id":"https:\/\/artlaboratory-berlin.org\/#organization","name":"Art Laboratory Berlin","url":"https:\/\/artlaboratory-berlin.org\/","logo":{"@type":"ImageObject","inLanguage":"de","@id":"https:\/\/artlaboratory-berlin.org\/#\/schema\/logo\/image\/","url":"https:\/\/artlaboratory-berlin.org\/wp-content\/uploads\/2021\/05\/logo-alb.png","contentUrl":"https:\/\/artlaboratory-berlin.org\/wp-content\/uploads\/2021\/05\/logo-alb.png","width":800,"height":515,"caption":"Art Laboratory Berlin"},"image":{"@id":"https:\/\/artlaboratory-berlin.org\/#\/schema\/logo\/image\/"},"sameAs":["https:\/\/www.facebook.com\/ArtLaboratoryBerlin\/","https:\/\/x.com\/artlaboratoryb","https:\/\/www.instagram.com\/artlaboratoryberlin","https:\/\/www.youtube.com\/c\/ArtLaboratoryBerlin\/videos"]}]}},"_links":{"self":[{"href":"https:\/\/artlaboratory-berlin.org\/de\/wp-json\/wp\/v2\/pages\/3976","targetHints":{"allow":["GET"]}}],"collection":[{"href":"https:\/\/artlaboratory-berlin.org\/de\/wp-json\/wp\/v2\/pages"}],"about":[{"href":"https:\/\/artlaboratory-berlin.org\/de\/wp-json\/wp\/v2\/types\/page"}],"author":[{"embeddable":true,"href":"https:\/\/artlaboratory-berlin.org\/de\/wp-json\/wp\/v2\/users\/1"}],"replies":[{"embeddable":true,"href":"https:\/\/artlaboratory-berlin.org\/de\/wp-json\/wp\/v2\/comments?post=3976"}],"version-history":[{"count":4,"href":"https:\/\/artlaboratory-berlin.org\/de\/wp-json\/wp\/v2\/pages\/3976\/revisions"}],"predecessor-version":[{"id":18711,"href":"https:\/\/artlaboratory-berlin.org\/de\/wp-json\/wp\/v2\/pages\/3976\/revisions\/18711"}],"wp:attachment":[{"href":"https:\/\/artlaboratory-berlin.org\/de\/wp-json\/wp\/v2\/media?parent=3976"}],"curies":[{"name":"wp","href":"https:\/\/api.w.org\/{rel}","templated":true}]}}